{"id":773,"date":"2022-06-17T20:04:27","date_gmt":"2022-06-17T20:04:27","guid":{"rendered":"https:\/\/fpolak.at\/?page_id=773"},"modified":"2022-06-17T20:04:28","modified_gmt":"2022-06-17T20:04:28","slug":"startseite-neu","status":"publish","type":"page","link":"https:\/\/fpolak.at\/","title":{"rendered":"Startseite NEU"},"content":{"rendered":"\n<div class=\"wp-block-cover alignfull is-light\" style=\"min-height:700px\"><span aria-hidden=\"true\" class=\"wp-block-cover__background has-background-dim-0 has-background-dim\"><\/span><img loading=\"lazy\" width=\"2560\" height=\"1707\" class=\"wp-block-cover__image-background wp-image-335\" alt=\"\" src=\"https:\/\/fpolak.at\/fpolak.at\/wp-content\/uploads\/Fahrrad-scaled.jpg\" style=\"object-position:51% 53%\" data-object-fit=\"cover\" data-object-position=\"51% 53%\" srcset=\"https:\/\/fpolak.at\/fpolak.at\/wp-content\/uploads\/Fahrrad-scaled.jpg 2560w, https:\/\/fpolak.at\/fpolak.at\/wp-content\/uploads\/Fahrrad-scaled-600x400.jpg 600w, https:\/\/fpolak.at\/fpolak.at\/wp-content\/uploads\/Fahrrad-300x200.jpg 300w, https:\/\/fpolak.at\/fpolak.at\/wp-content\/uploads\/Fahrrad-1024x683.jpg 1024w, https:\/\/fpolak.at\/fpolak.at\/wp-content\/uploads\/Fahrrad-768x512.jpg 768w, https:\/\/fpolak.at\/fpolak.at\/wp-content\/uploads\/Fahrrad-1600x1067.jpg 1600w, https:\/\/fpolak.at\/fpolak.at\/wp-content\/uploads\/Fahrrad-1536x1024.jpg 1536w, https:\/\/fpolak.at\/fpolak.at\/wp-content\/uploads\/Fahrrad-2048x1365.jpg 2048w, https:\/\/fpolak.at\/fpolak.at\/wp-content\/uploads\/Fahrrad-930x620.jpg 930w\" sizes=\"(max-width: 2560px) 100vw, 2560px\" \/><div class=\"wp-block-cover__inner-container\">\n<div style=\"height:80px\" aria-hidden=\"true\" class=\"wp-block-spacer\"><\/div>\n\n\n\n<div style=\"height:80px\" aria-hidden=\"true\" class=\"wp-block-spacer\"><\/div>\n\n\n\n<h1 class=\"has-text-align-center has-text-color has-nv-site-bg-color has-x-large-font-size\"><strong>mit uns f\u00e4hrst du gut!<\/strong><\/h1>\n\n\n\n<div class=\"wp-container-1 wp-block-buttons is-content-justification-center\"><\/div>\n\n\n\n<div style=\"height:80px\" aria-hidden=\"true\" class=\"wp-block-spacer\"><\/div>\n\n\n\n<div style=\"height:80px\" aria-hidden=\"true\" class=\"wp-block-spacer\"><\/div>\n<\/div><\/div>\n\n\n\n<hr class=\"wp-block-separator has-alpha-channel-opacity\"\/>\n\n\n\n<h2 class=\"has-text-align-center\">Willkommen bei Gartenger\u00e4te &amp; Zweirad Polak <\/h2>\n\n\n\n<hr class=\"wp-block-separator has-alpha-channel-opacity\"\/>\n\n\n\n<div style=\"height:80px\" aria-hidden=\"true\" class=\"wp-block-spacer\"><\/div>\n\n\n\n<div class=\"wp-container-6 wp-block-columns\">\n<div class=\"wp-container-2 wp-block-column\"><div class=\"wp-block-image icon-style is-style-rounded\">\n<figure class=\"aligncenter size-full\"><img loading=\"lazy\" width=\"72\" height=\"72\" src=\"https:\/\/fpolak.at\/fpolak.at\/wp-content\/uploads\/polak-web-symbole_mower.png\" alt=\"\" class=\"wp-image-779\" title=\"\"\/><\/figure><\/div>\n\n\n<h3 class=\"has-text-align-center has-neve-text-color-color has-text-color\">Automower<\/h3>\n\n\n\n<p class=\"has-text-align-center\">Nie mehr selber Rasen m\u00e4hen mit unseren Husqvarna Automower!<\/p>\n\n\n\n<div style=\"height:20px\" aria-hidden=\"true\" class=\"wp-block-spacer\"><\/div>\n<\/div>\n\n\n\n<div class=\"wp-container-3 wp-block-column\"><div class=\"wp-block-image icon-style is-style-rounded\">\n<figure class=\"aligncenter size-full\"><img loading=\"lazy\" width=\"72\" height=\"72\" src=\"https:\/\/fpolak.at\/fpolak.at\/wp-content\/uploads\/polak-web-symbole_fahrra\u0308der.png\" alt=\"\" class=\"wp-image-778\"\/><\/figure><\/div>\n\n\n<h3 class=\"has-text-align-center has-neve-text-color-color has-text-color\">Fahrr\u00e4der<\/h3>\n\n\n\n<p class=\"has-text-align-center\">KTM | TREK | PUKY<br>Wir haben f\u00fcr Gro\u00df und Klein das passende Rad! <\/p>\n\n\n\n<div style=\"height:20px\" aria-hidden=\"true\" class=\"wp-block-spacer\"><\/div>\n<\/div>\n\n\n\n<div class=\"wp-container-4 wp-block-column\"><div class=\"wp-block-image icon-style is-style-rounded\">\n<figure class=\"aligncenter size-full\"><img loading=\"lazy\" width=\"72\" height=\"72\" src=\"https:\/\/fpolak.at\/fpolak.at\/wp-content\/uploads\/polak-web-symbole_scooter.png\" alt=\"\" class=\"wp-image-777\"\/><\/figure><\/div>\n\n\n<h3 class=\"has-text-align-center has-neve-text-color-color has-text-color\">Micro-Scooter<\/h3>\n\n\n\n<p class=\"has-text-align-center\">Schneller unterwegs mit den neuen Micro-Scootern.<\/p>\n\n\n\n<div style=\"height:20px\" aria-hidden=\"true\" class=\"wp-block-spacer\"><\/div>\n<\/div>\n\n\n\n<div class=\"wp-container-5 wp-block-column\"><div class=\"wp-block-image icon-style is-style-rounded\">\n<figure class=\"aligncenter size-full\"><img loading=\"lazy\" width=\"72\" height=\"72\" src=\"https:\/\/fpolak.at\/fpolak.at\/wp-content\/uploads\/polak-web-symbole_gartengera\u0308te.png\" alt=\"\" class=\"wp-image-776\"\/><\/figure><\/div>\n\n\n<h3 class=\"has-text-align-center has-neve-text-color-color has-text-color\">Gartenger\u00e4te<\/h3>\n\n\n\n<p class=\"has-text-align-center\">Akkuger\u00e4te, Handschiebem\u00e4her, Heckenscheren, Motors\u00e4gen, Motorsensen und vieles Mehr!<\/p>\n\n\n\n<div style=\"height:20px\" aria-hidden=\"true\" class=\"wp-block-spacer\"><\/div>\n<\/div>\n<\/div>\n\n\n\n<div style=\"height:80px\" aria-hidden=\"true\" class=\"wp-block-spacer\"><\/div>\n\n\n\n<div class=\"wp-block-cover alignfull\" style=\"min-height:600px\"><span aria-hidden=\"true\" class=\"wp-block-cover__background has-nv-light-bg-background-color has-background-dim-100 has-background-dim\"><\/span><div class=\"wp-block-cover__inner-container\">\n<div class=\"wp-container-11 wp-block-group\"><div class=\"wp-block-group__inner-container\">\n<div style=\"height:80px\" aria-hidden=\"true\" class=\"wp-block-spacer\"><\/div>\n\n\n\n<div class=\"wp-container-10 wp-block-columns are-vertically-aligned-center\">\n<div class=\"wp-container-7 wp-block-column is-vertically-aligned-center\">\n<figure class=\"wp-block-image size-large\"><img loading=\"lazy\" width=\"1024\" height=\"766\" src=\"https:\/\/fpolak.at\/fpolak.at\/wp-content\/uploads\/287440311_5010004372444226_4839574337780575944_n-1024x766.jpg\" alt=\"\" class=\"wp-image-730\" srcset=\"https:\/\/fpolak.at\/fpolak.at\/wp-content\/uploads\/287440311_5010004372444226_4839574337780575944_n-1024x766.jpg 1024w, https:\/\/fpolak.at\/fpolak.at\/wp-content\/uploads\/287440311_5010004372444226_4839574337780575944_n-600x449.jpg 600w, https:\/\/fpolak.at\/fpolak.at\/wp-content\/uploads\/287440311_5010004372444226_4839574337780575944_n-300x224.jpg 300w, https:\/\/fpolak.at\/fpolak.at\/wp-content\/uploads\/287440311_5010004372444226_4839574337780575944_n-768x574.jpg 768w, https:\/\/fpolak.at\/fpolak.at\/wp-content\/uploads\/287440311_5010004372444226_4839574337780575944_n.jpg 1440w\" sizes=\"(max-width: 1024px) 100vw, 1024px\" \/><\/figure>\n<\/div>\n\n\n\n<div class=\"wp-container-9 wp-block-column is-vertically-aligned-center\">\n<div style=\"height:20px\" aria-hidden=\"true\" class=\"wp-block-spacer\"><\/div>\n\n\n\n<h2 class=\"has-text-align-left has-neve-text-color-color has-text-color\">Besuchen Sie uns in unserer neuen Filiale!<\/h2>\n\n\n\n<p class=\"has-text-align-left has-neve-text-color-color has-text-color\">Seit Juni sind wir mit einer zweiten Filiale in Zistersdorf mit Schwerpunkt Fahrr\u00e4der f\u00fcr euch da! Alle Informationen dazu findet ihr unter Standorte!<\/p>\n\n\n\n<div class=\"wp-container-8 wp-block-buttons is-content-justification-left\">\n<div class=\"wp-block-button is-style-primary\"><a class=\"wp-block-button__link\" href=\"https:\/\/fpolak.at\/?page_id=727\">STANDORTE<\/a><\/div>\n<\/div>\n<\/div>\n<\/div>\n\n\n\n<div style=\"height:40px\" aria-hidden=\"true\" class=\"wp-block-spacer\"><\/div>\n<\/div><\/div>\n<\/div><\/div>\n\n\n\n<div class=\"wp-block-cover alignfull\" style=\"min-height:600px\"><span aria-hidden=\"true\" class=\"wp-block-cover__background has-nv-site-bg-background-color has-background-dim-100 has-background-dim\"><\/span><div class=\"wp-block-cover__inner-container\">\n<div class=\"wp-container-16 wp-block-group\"><div class=\"wp-block-group__inner-container\">\n<div style=\"height:80px\" aria-hidden=\"true\" class=\"wp-block-spacer\"><\/div>\n\n\n\n<div class=\"wp-container-15 wp-block-columns are-vertically-aligned-center\">\n<div class=\"wp-container-13 wp-block-column is-vertically-aligned-center\">\n<h2 class=\"has-text-align-left has-neve-text-color-color has-text-color\">Richtige Reinigung deines Bikes!<\/h2>\n\n\n\n<p class=\"has-text-align-left has-neve-text-color-color has-text-color\">Mit Muc-Off treffen Sie die richtige Wahl, was die gr\u00fcndliche Reinigung Ihres Bikes betrifft! Wir beraten Sie gerne an einem unserer Standorte!<\/p>\n\n\n\n<div class=\"wp-container-12 wp-block-buttons is-content-justification-left\">\n<div class=\"wp-block-button is-style-primary\"><a class=\"wp-block-button__link\" href=\"https:\/\/fpolak.at\/?page_id=35\">WERKSTATT<\/a><\/div>\n<\/div>\n\n\n\n<div style=\"height:40px\" aria-hidden=\"true\" class=\"wp-block-spacer\"><\/div>\n<\/div>\n\n\n\n<div class=\"wp-container-14 wp-block-column is-vertically-aligned-center\">\n<figure class=\"wp-block-image size-full\"><img loading=\"lazy\" width=\"768\" height=\"768\" src=\"https:\/\/fpolak.at\/fpolak.at\/wp-content\/uploads\/Putzmittel-edited.jpeg\" alt=\"\" class=\"wp-image-785\" srcset=\"https:\/\/fpolak.at\/fpolak.at\/wp-content\/uploads\/Putzmittel-edited.jpeg 768w, https:\/\/fpolak.at\/fpolak.at\/wp-content\/uploads\/Putzmittel-edited-300x300.jpeg 300w, https:\/\/fpolak.at\/fpolak.at\/wp-content\/uploads\/Putzmittel-edited-100x100.jpeg 100w, https:\/\/fpolak.at\/fpolak.at\/wp-content\/uploads\/Putzmittel-edited-600x600.jpeg 600w, https:\/\/fpolak.at\/fpolak.at\/wp-content\/uploads\/Putzmittel-edited-150x150.jpeg 150w\" sizes=\"(max-width: 768px) 100vw, 768px\" \/><\/figure>\n<\/div>\n<\/div>\n\n\n\n<div style=\"height:40px\" aria-hidden=\"true\" class=\"wp-block-spacer\"><\/div>\n<\/div><\/div>\n<\/div><\/div>\n\n\n\n<div class=\"wp-block-cover alignfull\" style=\"min-height:600px\"><span aria-hidden=\"true\" class=\"wp-block-cover__background has-nv-dark-bg-background-color has-background-dim-100 has-background-dim\"><\/span><div class=\"wp-block-cover__inner-container\">\n<div class=\"wp-container-21 wp-block-group\"><div class=\"wp-block-group__inner-container\">\n<div style=\"height:80px\" aria-hidden=\"true\" class=\"wp-block-spacer\"><\/div>\n\n\n\n<div class=\"wp-container-20 wp-block-columns are-vertically-aligned-center\">\n<div class=\"wp-container-17 wp-block-column is-vertically-aligned-center\">\n<figure class=\"wp-block-image size-large\"><img loading=\"lazy\" width=\"1024\" height=\"1024\" src=\"https:\/\/fpolak.at\/fpolak.at\/wp-content\/uploads\/86254410_2631967073581313_3215479398463438848_o-edited-1024x1024.jpg\" alt=\"\" class=\"wp-image-782\" srcset=\"https:\/\/fpolak.at\/fpolak.at\/wp-content\/uploads\/86254410_2631967073581313_3215479398463438848_o-edited-1024x1024.jpg 1024w, https:\/\/fpolak.at\/fpolak.at\/wp-content\/uploads\/86254410_2631967073581313_3215479398463438848_o-edited-300x300.jpg 300w, https:\/\/fpolak.at\/fpolak.at\/wp-content\/uploads\/86254410_2631967073581313_3215479398463438848_o-edited-100x100.jpg 100w, https:\/\/fpolak.at\/fpolak.at\/wp-content\/uploads\/86254410_2631967073581313_3215479398463438848_o-edited-600x600.jpg 600w, https:\/\/fpolak.at\/fpolak.at\/wp-content\/uploads\/86254410_2631967073581313_3215479398463438848_o-edited-150x150.jpg 150w, https:\/\/fpolak.at\/fpolak.at\/wp-content\/uploads\/86254410_2631967073581313_3215479398463438848_o-edited-768x767.jpg 768w, https:\/\/fpolak.at\/fpolak.at\/wp-content\/uploads\/86254410_2631967073581313_3215479398463438848_o-edited.jpg 1200w\" sizes=\"(max-width: 1024px) 100vw, 1024px\" \/><\/figure>\n<\/div>\n\n\n\n<div class=\"wp-container-19 wp-block-column is-vertically-aligned-center\">\n<div style=\"height:40px\" aria-hidden=\"true\" class=\"wp-block-spacer\"><\/div>\n\n\n\n<h2 class=\"has-text-align-left has-nv-text-dark-bg-color has-text-color\">Winterservice f\u00fcr Ihren Automower<\/h2>\n\n\n\n<p class=\"has-text-align-left has-nv-text-dark-bg-color has-text-color\">Sichern Sie sich ein Rundum-Service! Ab Herbst k\u00f6nnen Sie ihren Mower zum Winterservice bringen &#8211; wir k\u00fcmmern uns um die Einwinterung, Reinigung und Service! Mehr Infos \u00fcber das Angebot finden Sie unter der Kategorie Werkstatt!<\/p>\n\n\n\n<div class=\"wp-container-18 wp-block-buttons is-content-justification-left\">\n<div class=\"wp-block-button is-style-primary\"><a class=\"wp-block-button__link\" href=\"https:\/\/fpolak.at\/?page_id=35\">WERKSTATT<\/a><\/div>\n<\/div>\n<\/div>\n<\/div>\n\n\n\n<div style=\"height:50px\" aria-hidden=\"true\" class=\"wp-block-spacer\"><\/div>\n<\/div><\/div>\n<\/div><\/div>\n\n\n\n<div class=\"wp-block-cover alignfull\" style=\"min-height:600px\"><span aria-hidden=\"true\" class=\"wp-block-cover__background has-nv-site-bg-background-color has-background-dim-100 has-background-dim\"><\/span><div class=\"wp-block-cover__inner-container\">\n<div class=\"wp-container-25 wp-block-group\"><div class=\"wp-block-group__inner-container\">\n<div style=\"height:80px\" aria-hidden=\"true\" class=\"wp-block-spacer\"><\/div>\n\n\n\n<h2 class=\"has-neve-text-color-color has-text-color\">Neu eingetroffen!<\/h2>\n\n\n\n<div style=\"height:20px\" aria-hidden=\"true\" class=\"wp-block-spacer\"><\/div>\n\n\n\n<div class=\"wp-container-24 wp-block-columns are-vertically-aligned-center\">\n<div class=\"wp-container-22 wp-block-column is-vertically-aligned-center\">\n<figure class=\"wp-block-image size-large\"><img loading=\"lazy\" width=\"1024\" height=\"614\" src=\"https:\/\/fpolak.at\/fpolak.at\/wp-content\/uploads\/csm_022368111_MACINA_TOUR_P610__H_51cm__elderberry_matt__black-orange_1_b5e09f15ff-1024x614.jpeg\" alt=\"\" class=\"wp-image-725\" srcset=\"https:\/\/fpolak.at\/fpolak.at\/wp-content\/uploads\/csm_022368111_MACINA_TOUR_P610__H_51cm__elderberry_matt__black-orange_1_b5e09f15ff-1024x614.jpeg 1024w, https:\/\/fpolak.at\/fpolak.at\/wp-content\/uploads\/csm_022368111_MACINA_TOUR_P610__H_51cm__elderberry_matt__black-orange_1_b5e09f15ff-600x360.jpeg 600w, https:\/\/fpolak.at\/fpolak.at\/wp-content\/uploads\/csm_022368111_MACINA_TOUR_P610__H_51cm__elderberry_matt__black-orange_1_b5e09f15ff-300x180.jpeg 300w, https:\/\/fpolak.at\/fpolak.at\/wp-content\/uploads\/csm_022368111_MACINA_TOUR_P610__H_51cm__elderberry_matt__black-orange_1_b5e09f15ff-768x461.jpeg 768w, https:\/\/fpolak.at\/fpolak.at\/wp-content\/uploads\/csm_022368111_MACINA_TOUR_P610__H_51cm__elderberry_matt__black-orange_1_b5e09f15ff.jpeg 1110w\" sizes=\"(max-width: 1024px) 100vw, 1024px\" \/><\/figure>\n\n\n\n<div style=\"height:40px\" aria-hidden=\"true\" class=\"wp-block-spacer\"><\/div>\n<\/div>\n\n\n\n<div class=\"wp-container-23 wp-block-column is-vertically-aligned-center\">\n<figure class=\"wp-block-image size-large\"><img loading=\"lazy\" width=\"1024\" height=\"683\" src=\"https:\/\/fpolak.at\/fpolak.at\/wp-content\/uploads\/csm_Wildspeed_Disc_20__1_fddcfaa2a4-1024x683.jpeg\" alt=\"\" class=\"wp-image-701\" srcset=\"https:\/\/fpolak.at\/fpolak.at\/wp-content\/uploads\/csm_Wildspeed_Disc_20__1_fddcfaa2a4-1024x683.jpeg 1024w, https:\/\/fpolak.at\/fpolak.at\/wp-content\/uploads\/csm_Wildspeed_Disc_20__1_fddcfaa2a4-600x400.jpeg 600w, https:\/\/fpolak.at\/fpolak.at\/wp-content\/uploads\/csm_Wildspeed_Disc_20__1_fddcfaa2a4-300x200.jpeg 300w, https:\/\/fpolak.at\/fpolak.at\/wp-content\/uploads\/csm_Wildspeed_Disc_20__1_fddcfaa2a4-768x512.jpeg 768w, https:\/\/fpolak.at\/fpolak.at\/wp-content\/uploads\/csm_Wildspeed_Disc_20__1_fddcfaa2a4-930x620.jpeg 930w, https:\/\/fpolak.at\/fpolak.at\/wp-content\/uploads\/csm_Wildspeed_Disc_20__1_fddcfaa2a4.jpeg 1110w\" sizes=\"(max-width: 1024px) 100vw, 1024px\" \/><\/figure>\n\n\n\n<div style=\"height:40px\" aria-hidden=\"true\" class=\"wp-block-spacer\"><\/div>\n<\/div>\n<\/div>\n\n\n\n<div style=\"height:40px\" aria-hidden=\"true\" class=\"wp-block-spacer\"><\/div>\n<\/div><\/div>\n<\/div><\/div>\n\n\n\n<div class=\"wp-block-cover alignfull\" style=\"min-height:420px\"><span aria-hidden=\"true\" class=\"wp-block-cover__background has-nv-light-bg-background-color has-background-dim-100 has-background-dim\"><\/span><div class=\"wp-block-cover__inner-container\">\n<div style=\"height:80px\" aria-hidden=\"true\" class=\"wp-block-spacer\"><\/div>\n\n\n\n<div class=\"wp-container-29 wp-block-columns\">\n<div class=\"wp-container-26 wp-block-column ticss-4ce656f1\">\n<figure class=\"wp-block-image size-full is-style-default\"><img loading=\"lazy\" width=\"450\" height=\"200\" src=\"https:\/\/fpolak.at\/fpolak.at\/wp-content\/uploads\/polak_logo_ktm-1.png\" alt=\"\" class=\"wp-image-791\" srcset=\"https:\/\/fpolak.at\/fpolak.at\/wp-content\/uploads\/polak_logo_ktm-1.png 450w, https:\/\/fpolak.at\/fpolak.at\/wp-content\/uploads\/polak_logo_ktm-1-300x133.png 300w\" sizes=\"(max-width: 450px) 100vw, 450px\" \/><\/figure>\n\n\n\n<p class=\"has-text-align-left has-neve-text-color-color has-text-color\"><\/p>\n\n\n\n<p class=\"has-neve-text-color-color has-text-color\"><\/p>\n\n\n\n<div style=\"height:20px\" aria-hidden=\"true\" class=\"wp-block-spacer\"><\/div>\n<\/div>\n\n\n\n<div class=\"wp-container-27 wp-block-column ticss-f6fc7494\">\n<figure class=\"wp-block-image size-full is-style-default\"><img loading=\"lazy\" width=\"450\" height=\"200\" src=\"https:\/\/fpolak.at\/fpolak.at\/wp-content\/uploads\/polak_logo_husqvarna-1.png\" alt=\"\" class=\"wp-image-790\" srcset=\"https:\/\/fpolak.at\/fpolak.at\/wp-content\/uploads\/polak_logo_husqvarna-1.png 450w, https:\/\/fpolak.at\/fpolak.at\/wp-content\/uploads\/polak_logo_husqvarna-1-300x133.png 300w\" sizes=\"(max-width: 450px) 100vw, 450px\" \/><\/figure>\n\n\n\n<p class=\"has-text-align-left has-neve-text-color-color has-text-color\"><\/p>\n\n\n\n<p class=\"has-neve-text-color-color has-text-color\"><\/p>\n\n\n\n<div style=\"height:20px\" aria-hidden=\"true\" class=\"wp-block-spacer\"><\/div>\n<\/div>\n\n\n\n<div class=\"wp-container-28 wp-block-column ticss-a5b4df29\">\n<figure class=\"wp-block-image size-full is-style-default\"><img loading=\"lazy\" width=\"450\" height=\"200\" src=\"https:\/\/fpolak.at\/fpolak.at\/wp-content\/uploads\/polak_logo_trek.png\" alt=\"\" class=\"wp-image-789\" srcset=\"https:\/\/fpolak.at\/fpolak.at\/wp-content\/uploads\/polak_logo_trek.png 450w, https:\/\/fpolak.at\/fpolak.at\/wp-content\/uploads\/polak_logo_trek-300x133.png 300w\" sizes=\"(max-width: 450px) 100vw, 450px\" \/><\/figure>\n\n\n\n<p class=\"has-text-align-left has-neve-text-color-color has-text-color\"><\/p>\n\n\n\n<p class=\"has-neve-text-color-color has-text-color\"><\/p>\n\n\n\n<div style=\"height:20px\" aria-hidden=\"true\" class=\"wp-block-spacer\"><\/div>\n<\/div>\n<\/div>\n\n\n\n<div style=\"height:30px\" aria-hidden=\"true\" class=\"wp-block-spacer\"><\/div>\n<\/div><\/div>\n\n\n\n<div class=\"wp-block-cover alignfull\" style=\"min-height:300px\"><span aria-hidden=\"true\" class=\"wp-block-cover__background has-nv-dark-bg-background-color has-background-dim-100 has-background-dim\"><\/span><div class=\"wp-block-cover__inner-container\">\n<h2 class=\"has-text-align-center has-nv-text-dark-bg-color has-text-color\"><\/h2>\n\n\n\n<p class=\"has-text-align-center\"><\/p>\n\n\n\n<div class=\"wp-container-30 wp-block-buttons is-content-justification-center\"><\/div>\n<\/div><\/div>\n","protected":false},"excerpt":{"rendered":"<p>Willkommen bei Gartenger\u00e4te &amp; Zweirad Polak Automower Nie mehr selber Rasen m\u00e4hen mit unseren Husqvarna Automower! Fahrr\u00e4der KTM | TREK | PUKYWir haben f\u00fcr Gro\u00df und Klein das passende Rad! Micro-Scooter Schneller unterwegs mit den neuen Micro-Scootern. Gartenger\u00e4te Akkuger\u00e4te, Handschiebem\u00e4her, Heckenscheren, Motors\u00e4gen, Motorsensen und vieles Mehr!<\/p>\n","protected":false},"author":2,"featured_media":0,"parent":0,"menu_order":0,"comment_status":"closed","ping_status":"closed","template":"","meta":{"neve_meta_sidebar":"default","neve_meta_container":"default","neve_meta_enable_content_width":"on","neve_meta_content_width":100,"neve_meta_title_alignment":"","neve_meta_author_avatar":"","neve_post_elements_order":"","neve_meta_disable_header":"","neve_meta_disable_footer":"","neve_meta_disable_title":"on","_ti_tpc_template_sync":false,"_ti_tpc_template_id":""},"_links":{"self":[{"href":"https:\/\/fpolak.at\/index.php?rest_route=\/wp\/v2\/pages\/773"}],"collection":[{"href":"https:\/\/fpolak.at\/index.php?rest_route=\/wp\/v2\/pages"}],"about":[{"href":"https:\/\/fpolak.at\/index.php?rest_route=\/wp\/v2\/types\/page"}],"author":[{"embeddable":true,"href":"https:\/\/fpolak.at\/index.php?rest_route=\/wp\/v2\/users\/2"}],"replies":[{"embeddable":true,"href":"https:\/\/fpolak.at\/index.php?rest_route=%2Fwp%2Fv2%2Fcomments&post=773"}],"version-history":[{"count":11,"href":"https:\/\/fpolak.at\/index.php?rest_route=\/wp\/v2\/pages\/773\/revisions"}],"predecessor-version":[{"id":811,"href":"https:\/\/fpolak.at\/index.php?rest_route=\/wp\/v2\/pages\/773\/revisions\/811"}],"wp:attachment":[{"href":"https:\/\/fpolak.at\/index.php?rest_route=%2Fwp%2Fv2%2Fmedia&parent=773"}],"curies":[{"name":"wp","href":"https:\/\/api.w.org\/{rel}","templated":true}]}}