{"id":727,"date":"2022-06-17T15:35:08","date_gmt":"2022-06-17T15:35:08","guid":{"rendered":"https:\/\/fpolak.at\/?page_id=727"},"modified":"2022-12-03T11:24:12","modified_gmt":"2022-12-03T11:24:12","slug":"standorte","status":"publish","type":"page","link":"https:\/\/fpolak.at\/?page_id=727","title":{"rendered":"Standorte"},"content":{"rendered":"\n<p>Wir sind an 2 Standorten f\u00fcr euch da:<\/p>\n\n\n\n<p><\/p>\n\n\n\n<div class=\"wp-block-media-text alignwide is-stacked-on-mobile\"><figure class=\"wp-block-media-text__media\"><img loading=\"lazy\" width=\"1024\" height=\"780\" src=\"https:\/\/fpolak.at\/fpolak.at\/wp-content\/uploads\/Bildschirmfoto-2022-06-17-um-17.22.00-1-1024x780.png\" alt=\"\" class=\"wp-image-729 size-full\" srcset=\"https:\/\/fpolak.at\/fpolak.at\/wp-content\/uploads\/Bildschirmfoto-2022-06-17-um-17.22.00-1-1024x780.png 1024w, https:\/\/fpolak.at\/fpolak.at\/wp-content\/uploads\/Bildschirmfoto-2022-06-17-um-17.22.00-1-600x457.png 600w, https:\/\/fpolak.at\/fpolak.at\/wp-content\/uploads\/Bildschirmfoto-2022-06-17-um-17.22.00-1-300x228.png 300w, https:\/\/fpolak.at\/fpolak.at\/wp-content\/uploads\/Bildschirmfoto-2022-06-17-um-17.22.00-1-768x585.png 768w, https:\/\/fpolak.at\/fpolak.at\/wp-content\/uploads\/Bildschirmfoto-2022-06-17-um-17.22.00-1-1600x1219.png 1600w, https:\/\/fpolak.at\/fpolak.at\/wp-content\/uploads\/Bildschirmfoto-2022-06-17-um-17.22.00-1-1536x1170.png 1536w, https:\/\/fpolak.at\/fpolak.at\/wp-content\/uploads\/Bildschirmfoto-2022-06-17-um-17.22.00-1-2048x1560.png 2048w\" sizes=\"(max-width: 1024px) 100vw, 1024px\" \/><\/figure><div class=\"wp-block-media-text__content\">\n<p class=\"has-large-font-size\">Prottes<\/p>\n\n\n\n<p>Bahnstra\u00dfe 2, 2242 Prottes<br><br><strong>Ansprechperson:<br><\/strong>Lukas Polak<br>0664 142 17 02<\/p>\n\n\n\n<p><strong>\u00d6ffnungszeiten<\/strong><br>Verkauf und Tankstelle:<br>Montag \u2013 Freitag: 07:00 \u2013 12:00 &amp; 13:00 \u2013 18:00<br>Samstag: 08:00 \u2013 12:00<\/p>\n\n\n\n<p>Werkst\u00e4tte:<br>Montag \u2013 Donnerstag: 07:15 \u2013 12:00 &amp; 13:00 \u2013 16:30<br>Freitag: 07:15 \u2013 12:00<\/p>\n<\/div><\/div>\n\n\n\n<div style=\"height:100px\" aria-hidden=\"true\" class=\"wp-block-spacer\"><\/div>\n\n\n\n<div class=\"wp-block-media-text alignwide is-stacked-on-mobile\"><figure class=\"wp-block-media-text__media\"><img loading=\"lazy\" width=\"1024\" height=\"766\" src=\"https:\/\/fpolak.at\/fpolak.at\/wp-content\/uploads\/287440311_5010004372444226_4839574337780575944_n-1024x766.jpg\" alt=\"\" class=\"wp-image-730 size-full\" srcset=\"https:\/\/fpolak.at\/fpolak.at\/wp-content\/uploads\/287440311_5010004372444226_4839574337780575944_n-1024x766.jpg 1024w, https:\/\/fpolak.at\/fpolak.at\/wp-content\/uploads\/287440311_5010004372444226_4839574337780575944_n-600x449.jpg 600w, https:\/\/fpolak.at\/fpolak.at\/wp-content\/uploads\/287440311_5010004372444226_4839574337780575944_n-300x224.jpg 300w, https:\/\/fpolak.at\/fpolak.at\/wp-content\/uploads\/287440311_5010004372444226_4839574337780575944_n-768x574.jpg 768w, https:\/\/fpolak.at\/fpolak.at\/wp-content\/uploads\/287440311_5010004372444226_4839574337780575944_n.jpg 1440w\" sizes=\"(max-width: 1024px) 100vw, 1024px\" \/><\/figure><div class=\"wp-block-media-text__content\">\n<p class=\"has-large-font-size\">Zistersdorf<\/p>\n\n\n\n<p>Pr\u00f6bstlgasse 2, 2225 Zistersdorf<\/p>\n\n\n\n<p><strong>Ansprechperson<\/strong><br>Felix Klenkhart<br>0664 346 13 88<\/p>\n\n\n\n<p><strong>\u00d6ffnungszeiten<\/strong><br>Verkauf und Werkst\u00e4tte:<br>Montag: Ruhetag<br>Dienstag: 09:00 \u2013 12:30<br>Mittwoch \u2013 Freitag: 09:00 \u2013 12:30 &amp; 13:00 \u2013 18:00<br>Samstag: 09:00 \u2013 12:30<\/p>\n<\/div><\/div>\n\n\n\n<div style=\"height:100px\" aria-hidden=\"true\" class=\"wp-block-spacer\"><\/div>\n","protected":false},"excerpt":{"rendered":"<p>Wir sind an 2 Standorten f\u00fcr euch da: Prottes Bahnstra\u00dfe 2, 2242 Prottes Ansprechperson:Lukas Polak0664 142 17 02 \u00d6ffnungszeitenVerkauf und Tankstelle:Montag \u2013 Freitag: 07:00 \u2013 12:00 &amp; 13:00 \u2013 18:00Samstag: 08:00 \u2013 12:00 Werkst\u00e4tte:Montag \u2013 Donnerstag: 07:15 \u2013 12:00 &amp; 13:00 \u2013 16:30Freitag: 07:15 \u2013 12:00 Zistersdorf Pr\u00f6bstlgasse 2, 2225 Zistersdorf AnsprechpersonFelix Klenkhart0664 346 13&hellip;&nbsp;<a href=\"https:\/\/fpolak.at\/?page_id=727\" class=\"\" rel=\"bookmark\">Weiterlesen &raquo;<span class=\"screen-reader-text\">Standorte<\/span><\/a><\/p>\n","protected":false},"author":2,"featured_media":0,"parent":0,"menu_order":0,"comment_status":"closed","ping_status":"closed","template":"","meta":{"neve_meta_sidebar":"full-width","neve_meta_container":"","neve_meta_enable_content_width":"on","neve_meta_content_width":100,"neve_meta_title_alignment":"","neve_meta_author_avatar":"","neve_post_elements_order":"","neve_meta_disable_header":"","neve_meta_disable_footer":"","neve_meta_disable_title":"","_ti_tpc_template_sync":false,"_ti_tpc_template_id":""},"_links":{"self":[{"href":"https:\/\/fpolak.at\/index.php?rest_route=\/wp\/v2\/pages\/727"}],"collection":[{"href":"https:\/\/fpolak.at\/index.php?rest_route=\/wp\/v2\/pages"}],"about":[{"href":"https:\/\/fpolak.at\/index.php?rest_route=\/wp\/v2\/types\/page"}],"author":[{"embeddable":true,"href":"https:\/\/fpolak.at\/index.php?rest_route=\/wp\/v2\/users\/2"}],"replies":[{"embeddable":true,"href":"https:\/\/fpolak.at\/index.php?rest_route=%2Fwp%2Fv2%2Fcomments&post=727"}],"version-history":[{"count":15,"href":"https:\/\/fpolak.at\/index.php?rest_route=\/wp\/v2\/pages\/727\/revisions"}],"predecessor-version":[{"id":831,"href":"https:\/\/fpolak.at\/index.php?rest_route=\/wp\/v2\/pages\/727\/revisions\/831"}],"wp:attachment":[{"href":"https:\/\/fpolak.at\/index.php?rest_route=%2Fwp%2Fv2%2Fmedia&parent=727"}],"curies":[{"name":"wp","href":"https:\/\/api.w.org\/{rel}","templated":true}]}}