{"id":224,"date":"2020-02-03T21:07:02","date_gmt":"2020-02-03T21:07:02","guid":{"rendered":"http:\/\/polak.rec15002.webspace.spengergasse.at\/?page_id=224"},"modified":"2024-11-16T11:19:06","modified_gmt":"2024-11-16T11:19:06","slug":"unternehmensgeschichte","status":"publish","type":"page","link":"https:\/\/fpolak.at\/?page_id=224","title":{"rendered":"\u00dcber uns"},"content":{"rendered":"\n<h4>Anfang des 20. Jahrhunderts&#8230;<\/h4>\n\n\n\n<p>&#8230;.wird das Unternehmen von&nbsp;Ludwig Polak sen. als Huf- und Wagenschmiede gestartet. Pferde werden beschlagen, W\u00e4gen repariert.<\/p>\n\n\n\n<h4>1945<\/h4>\n\n\n\n<p>Nach dem 2. Weltkrieg wird die Firma von dem Sohn Ludwig Polak jun.&nbsp;\u00fcbernommen. Nachdem die Pferde mehr und mehr als Arbeits- und Nutztiere aus dienten, wird aus der Huf- und Wagenschmiede ein Gesch\u00e4ft, das auch Mopeds und Fahrr\u00e4der verkauft und repariert.<br><\/p>\n\n\n\n<h4>1957<\/h4>\n\n\n<div class=\"wp-block-image\">\n<figure class=\"aligncenter size-large\"><img loading=\"lazy\" width=\"376\" height=\"225\" src=\"https:\/\/fpolak.at\/fpolak.at\/wp-content\/uploads\/polakGeschichte.jpg\" alt=\"\" class=\"wp-image-356\" srcset=\"https:\/\/fpolak.at\/fpolak.at\/wp-content\/uploads\/polakGeschichte.jpg 376w, https:\/\/fpolak.at\/fpolak.at\/wp-content\/uploads\/polakGeschichte-300x180.jpg 300w\" sizes=\"(max-width: 376px) 100vw, 376px\" \/><\/figure><\/div>\n\n\n<p>Die Firma wird erweitert und eine Tankstelle wird hinzugebaut.<br><\/p>\n\n\n\n<h4>1984<\/h4>\n\n\n\n<p>Nach der Pensionierung von Ludwig Polak \u00fcbernimmt sein Sohn Fritz Polak das Unternehmen.<br><\/p>\n\n\n\n<h4>2010<\/h4>\n\n\n\n<p>Auch die Modernisierung macht vor der Firma Polak nicht Halt! Roboterrasenm\u00e4her und Elektrofahrr\u00e4der&nbsp;werden in das Sortiment aufgenommen.<br><\/p>\n\n\n\n<h4>2022<\/h4>\n\n\n\n<p>Er\u00f6ffnung unserer Zweigstelle in Zistersdorf (Pr\u00f6bstlgasse 2).<\/p>\n\n\n\n<h3>Heute&#8230;<\/h3>\n\n\n\n<p>&#8230;unser Team besteht derzeit aus 7 Personen und ist stets um Ihre Anliegen bem\u00fcht!<\/p>\n\n\n\n<div class=\"wp-container-3 wp-block-columns\">\n<div class=\"wp-container-1 wp-block-column\"><div class=\"wp-block-image\">\n<figure class=\"aligncenter size-large is-resized\"><img loading=\"lazy\" src=\"https:\/\/fpolak.at\/fpolak.at\/wp-content\/uploads\/fritzPolak.png\" alt=\"\" class=\"wp-image-357\" width=\"182\" height=\"168\" srcset=\"https:\/\/fpolak.at\/fpolak.at\/wp-content\/uploads\/fritzPolak.png 324w, https:\/\/fpolak.at\/fpolak.at\/wp-content\/uploads\/fritzPolak-300x277.png 300w\" sizes=\"(max-width: 182px) 100vw, 182px\" \/><figcaption><strong>Fritz Polak:<\/strong><br>Gesch\u00e4ftsf\u00fchrung &amp; Verkauf<\/figcaption><\/figure><\/div><\/div>\n\n\n\n<div class=\"wp-container-2 wp-block-column\"><\/div>\n<\/div>\n\n\n\n<div class=\"wp-container-6 wp-block-columns\">\n<div class=\"wp-container-4 wp-block-column\"><div class=\"wp-block-image\">\n<figure class=\"aligncenter size-large is-resized\"><img loading=\"lazy\" src=\"https:\/\/fpolak.at\/fpolak.at\/wp-content\/uploads\/mariaPolak.png\" alt=\"\" class=\"wp-image-456\" width=\"175\" height=\"200\" srcset=\"https:\/\/fpolak.at\/fpolak.at\/wp-content\/uploads\/mariaPolak.png 330w, https:\/\/fpolak.at\/fpolak.at\/wp-content\/uploads\/mariaPolak-263x300.png 263w\" sizes=\"(max-width: 175px) 100vw, 175px\" \/><figcaption><strong>Maria Polak: <\/strong>Gesch\u00e4ftsf\u00fchrung, B\u00fcro &amp; Verkauf<\/figcaption><\/figure><\/div><\/div>\n\n\n\n<div class=\"wp-container-5 wp-block-column\"><\/div>\n<\/div>\n\n\n\n<div class=\"wp-container-9 wp-block-columns\">\n<div class=\"wp-container-7 wp-block-column\"><div class=\"wp-block-image\">\n<figure class=\"aligncenter size-large is-resized\"><img loading=\"lazy\" src=\"https:\/\/fpolak.at\/fpolak.at\/wp-content\/uploads\/lukasPolak.png\" alt=\"\" class=\"wp-image-457\" width=\"190\" height=\"241\"\/><figcaption><strong>Lukas Polak:<\/strong><br>Werkstatt, Fahrradmechaniker &amp; Mechatroniker in Prottes, Automower <\/figcaption><\/figure><\/div><\/div>\n\n\n\n<div class=\"wp-container-8 wp-block-column\"><\/div>\n<\/div>\n\n\n\n<div class=\"wp-container-12 wp-block-columns\">\n<div class=\"wp-container-10 wp-block-column\"><div class=\"wp-block-image\">\n<figure class=\"aligncenter size-large is-resized\"><img loading=\"lazy\" src=\"https:\/\/fpolak.at\/fpolak.at\/wp-content\/uploads\/heinrichPinnisch.png\" alt=\"\" class=\"wp-image-458\" width=\"205\" height=\"188\"\/><figcaption><strong>Heinrich Pinnisch (<em>1980-2023<\/em>) : <\/strong>Werkstatt &amp; Gartenger\u00e4te<\/figcaption><\/figure><\/div><\/div>\n\n\n\n<div class=\"wp-container-11 wp-block-column\">\n<p>\u00a0<\/p>\n<p>\u00a0<\/p>\n<\/div>\n<\/div>\n\n\n\n<div class=\"wp-container-15 wp-block-columns\">\n<div class=\"wp-container-13 wp-block-column\"><div class=\"wp-block-image\">\n<figure class=\"aligncenter size-large is-resized\"><img loading=\"lazy\" src=\"https:\/\/fpolak.at\/fpolak.at\/wp-content\/uploads\/felixKlenkhart.png\" alt=\"\" class=\"wp-image-459\" width=\"277\" height=\"264\"\/><figcaption><strong>Felix Klenkhart: <\/strong>Fahrradtechniker &amp; Mechatroniker in Zistersdorf<\/figcaption><\/figure><\/div><\/div>\n\n\n\n<div class=\"wp-container-14 wp-block-column\"><\/div>\n<\/div>\n\n\n\n<div class=\"wp-container-18 wp-block-columns\">\n<div class=\"wp-container-16 wp-block-column\"><div class=\"wp-block-image\">\n<figure class=\"aligncenter size-full is-resized\"><img loading=\"lazy\" src=\"https:\/\/fpolak.at\/fpolak.at\/wp-content\/uploads\/Mathias-3.png\" alt=\"\" class=\"wp-image-837\" width=\"241\" height=\"265\"\/><figcaption><strong>Mathias Becher: <\/strong>Automower<\/figcaption><\/figure><\/div>\n\n<div class=\"wp-block-image\">\n<figure class=\"aligncenter size-full\"><img loading=\"lazy\" width=\"246\" height=\"287\" src=\"https:\/\/fpolak.at\/fpolak.at\/wp-content\/uploads\/Tomas.png\" alt=\"\" class=\"wp-image-844\"\/><figcaption><strong>Tomas Varga: <\/strong>Werkstatt &amp; Gartenger\u00e4te<\/figcaption><\/figure><\/div>\n\n<div class=\"wp-block-image\">\n<figure class=\"aligncenter size-full is-resized\"><img loading=\"lazy\" src=\"https:\/\/fpolak.at\/fpolak.at\/wp-content\/uploads\/petra.png\" alt=\"\" class=\"wp-image-850\" width=\"240\" height=\"265\" srcset=\"https:\/\/fpolak.at\/fpolak.at\/wp-content\/uploads\/petra.png 431w, https:\/\/fpolak.at\/fpolak.at\/wp-content\/uploads\/petra-271x300.png 271w\" sizes=\"(max-width: 240px) 100vw, 240px\" \/><figcaption><strong>Petra Ambros: <\/strong>Verkauf<\/figcaption><\/figure><\/div><\/div>\n\n\n\n<div class=\"wp-container-17 wp-block-column\">\n<p><\/p>\n<\/div>\n<\/div>\n","protected":false},"excerpt":{"rendered":"<p>Anfang des 20. Jahrhunderts&#8230; &#8230;.wird das Unternehmen von&nbsp;Ludwig Polak sen. als Huf- und Wagenschmiede gestartet. Pferde werden beschlagen, W\u00e4gen repariert. 1945 Nach dem 2. Weltkrieg wird die Firma von dem Sohn Ludwig Polak jun.&nbsp;\u00fcbernommen. Nachdem die Pferde mehr und mehr als Arbeits- und Nutztiere aus dienten, wird aus der Huf- und Wagenschmiede ein Gesch\u00e4ft, das&hellip;&nbsp;<a href=\"https:\/\/fpolak.at\/?page_id=224\" class=\"\" rel=\"bookmark\">Weiterlesen &raquo;<span class=\"screen-reader-text\">\u00dcber uns<\/span><\/a><\/p>\n","protected":false},"author":1,"featured_media":0,"parent":0,"menu_order":0,"comment_status":"closed","ping_status":"closed","template":"","meta":{"neve_meta_sidebar":"full-width","neve_meta_container":"","neve_meta_enable_content_width":"on","neve_meta_content_width":100,"neve_meta_title_alignment":"","neve_meta_author_avatar":"","neve_post_elements_order":"","neve_meta_disable_header":"","neve_meta_disable_footer":"","neve_meta_disable_title":"","_ti_tpc_template_sync":false,"_ti_tpc_template_id":""},"_links":{"self":[{"href":"https:\/\/fpolak.at\/index.php?rest_route=\/wp\/v2\/pages\/224"}],"collection":[{"href":"https:\/\/fpolak.at\/index.php?rest_route=\/wp\/v2\/pages"}],"about":[{"href":"https:\/\/fpolak.at\/index.php?rest_route=\/wp\/v2\/types\/page"}],"author":[{"embeddable":true,"href":"https:\/\/fpolak.at\/index.php?rest_route=\/wp\/v2\/users\/1"}],"replies":[{"embeddable":true,"href":"https:\/\/fpolak.at\/index.php?rest_route=%2Fwp%2Fv2%2Fcomments&post=224"}],"version-history":[{"count":25,"href":"https:\/\/fpolak.at\/index.php?rest_route=\/wp\/v2\/pages\/224\/revisions"}],"predecessor-version":[{"id":860,"href":"https:\/\/fpolak.at\/index.php?rest_route=\/wp\/v2\/pages\/224\/revisions\/860"}],"wp:attachment":[{"href":"https:\/\/fpolak.at\/index.php?rest_route=%2Fwp%2Fv2%2Fmedia&parent=224"}],"curies":[{"name":"wp","href":"https:\/\/api.w.org\/{rel}","templated":true}]}}